{"id":4331,"date":"2023-07-19T14:48:30","date_gmt":"2023-07-19T11:48:30","guid":{"rendered":"https:\/\/gisam.metu.edu.tr\/?page_id=4331"},"modified":"2026-04-28T10:13:31","modified_gmt":"2026-04-28T07:13:31","slug":"science-communication","status":"publish","type":"page","link":"https:\/\/gisam.metu.edu.tr\/tr\/science-communication\/","title":{"rendered":"B\u0130L\u0130M \u0130LET\u0130\u015e\u0130M\u0130"},"content":{"rendered":"<section class=\"wpb-content-wrapper\"><div class=\"vc_row wpb_row vc_row-fluid\"><div class=\"wpb_column vc_column_container vc_col-sm-12\"><div class=\"vc_column-inner\"><div class=\"wpb_wrapper\">\n\t<div class=\"wpb_text_column wpb_content_element\" >\n\t\t<div class=\"wpb_wrapper\">\n\t\t\t<h2 class=\"topic\" style=\"text-align: center;\">B\u0130L\u0130M \u0130LET\u0130\u015e\u0130M\u0130<\/h2>\n\n\t\t<\/div>\n\t<\/div>\n<\/div><\/div><\/div><\/div><div class=\"vc_row wpb_row vc_row-fluid\"><div class=\"wpb_column vc_column_container vc_col-sm-12\"><div class=\"vc_column-inner\"><div class=\"wpb_wrapper\">\n\t<div class=\"wpb_video_widget wpb_content_element vc_clearfix   vc_video-aspect-ratio-169 vc_video-el-width-100 vc_video-align-center\" >\n\t\t<div class=\"wpb_wrapper\">\n\t\t\t\n\t\t\t<div class=\"wpb_video_wrapper\"><iframe loading=\"lazy\" title=\"&quot;Learn &amp; Connect: 5:40 Lecture Series&quot; Ba\u015fl\u0131yor!\" width=\"940\" height=\"529\" src=\"https:\/\/www.youtube.com\/embed\/PMW6soHY6WQ?feature=oembed\" frameborder=\"0\" allow=\"accelerometer; autoplay; clipboard-write; encrypted-media; gyroscope; picture-in-picture; web-share\" referrerpolicy=\"strict-origin-when-cross-origin\" allowfullscreen><\/iframe><\/div>\n\t\t<\/div>\n\t<\/div>\n\n\t<div class=\"wpb_video_widget wpb_content_element vc_clearfix   vc_video-aspect-ratio-169 vc_video-el-width-100 vc_video-align-center\" >\n\t\t<div class=\"wpb_wrapper\">\n\t\t\t\n\t\t\t<div class=\"wpb_video_wrapper\"><iframe loading=\"lazy\" title=\"&quot;Bilimin Her Hali&quot; 1. B\u00f6l\u00fcm: Malzemelerin Sihirli D\u00fcnyas\u0131 - Prof. Dr. Y. Eren Kalay\" width=\"940\" height=\"529\" src=\"https:\/\/www.youtube.com\/embed\/qfcNL0i7VjU?feature=oembed\" frameborder=\"0\" allow=\"accelerometer; autoplay; clipboard-write; encrypted-media; gyroscope; picture-in-picture; web-share\" referrerpolicy=\"strict-origin-when-cross-origin\" allowfullscreen><\/iframe><\/div>\n\t\t<\/div>\n\t<\/div>\n\n\t<div class=\"wpb_video_widget wpb_content_element vc_clearfix   vc_video-aspect-ratio-169 vc_video-el-width-100 vc_video-align-center\" >\n\t\t<div class=\"wpb_wrapper\">\n\t\t\t\n\t\t\t<div class=\"wpb_video_wrapper\"><iframe loading=\"lazy\" title=\"\u201cShare UR Research\u201d isimli bilim ileti\u015fimi yar\u0131\u015fmam\u0131z\u0131n kazanan\u0131 \u2018The Fish\u2019 filmi oldu.\" width=\"940\" height=\"529\" src=\"https:\/\/www.youtube.com\/embed\/O45Otb9shyc?feature=oembed\" frameborder=\"0\" allow=\"accelerometer; autoplay; clipboard-write; encrypted-media; gyroscope; picture-in-picture; web-share\" referrerpolicy=\"strict-origin-when-cross-origin\" allowfullscreen><\/iframe><\/div>\n\t\t<\/div>\n\t<\/div>\n<\/div><\/div><\/div><\/div><div class=\"vc_row wpb_row vc_row-fluid\"><div class=\"wpb_column vc_column_container vc_col-sm-12\"><div class=\"vc_column-inner\"><div class=\"wpb_wrapper\">\n\t<div class=\"wpb_video_widget wpb_content_element vc_clearfix   vc_video-aspect-ratio-169 vc_video-el-width-100 vc_video-align-center\" >\n\t\t<div class=\"wpb_wrapper\">\n\t\t\t\n\t\t\t<div class=\"wpb_video_wrapper\"><iframe loading=\"lazy\" title=\"Do\u00e7.Dr. Ula\u015f Yaman\/Bir Toz Yata\u011f\u0131 \u00dczerinde Eriyik Filament \u0130le \u00dcretim Y\u00f6ntemi\" width=\"940\" height=\"529\" src=\"https:\/\/www.youtube.com\/embed\/kw_ZJiLfhLc?feature=oembed\" frameborder=\"0\" allow=\"accelerometer; autoplay; clipboard-write; encrypted-media; gyroscope; picture-in-picture; web-share\" allowfullscreen><\/iframe><\/div>\n\t\t<\/div>\n\t<\/div>\n<\/div><\/div><\/div><\/div><div class=\"vc_row wpb_row vc_row-fluid\"><div class=\"wpb_column vc_column_container vc_col-sm-12\"><div class=\"vc_column-inner\"><div class=\"wpb_wrapper\">\n\t<div class=\"wpb_video_widget wpb_content_element vc_clearfix   vc_video-aspect-ratio-169 vc_video-el-width-100 vc_video-align-center\" >\n\t\t<div class=\"wpb_wrapper\">\n\t\t\t\n\t\t\t<div class=\"wpb_video_wrapper\"><iframe loading=\"lazy\" title=\"ODT\u00dc Metalurji ve Malzeme M\u00fchendisli\u011fi Dr. \u00d6\u011fr. \u00dcyesi Batur Ercan\" width=\"940\" height=\"529\" src=\"https:\/\/www.youtube.com\/embed\/-wpihzj_rKo?feature=oembed\" frameborder=\"0\" allow=\"accelerometer; autoplay; clipboard-write; encrypted-media; gyroscope; picture-in-picture; web-share\" allowfullscreen><\/iframe><\/div>\n\t\t<\/div>\n\t<\/div>\n<\/div><\/div><\/div><\/div><div class=\"vc_row wpb_row vc_row-fluid\"><div class=\"wpb_column vc_column_container vc_col-sm-12\"><div class=\"vc_column-inner\"><div class=\"wpb_wrapper\">\n\t<div class=\"wpb_video_widget wpb_content_element vc_clearfix   vc_video-aspect-ratio-169 vc_video-el-width-100 vc_video-align-center\" >\n\t\t<div class=\"wpb_wrapper\">\n\t\t\t\n\t\t\t<div class=\"wpb_video_wrapper\"><iframe loading=\"lazy\" title=\"Ufuk 2020 eNOTICE projesi ODT\u00dc ekibinden &quot;ciddi oyun&quot;\" width=\"940\" height=\"529\" src=\"https:\/\/www.youtube.com\/embed\/3vdsL0xwDYo?feature=oembed\" frameborder=\"0\" allow=\"accelerometer; autoplay; clipboard-write; encrypted-media; gyroscope; picture-in-picture; web-share\" allowfullscreen><\/iframe><\/div>\n\t\t<\/div>\n\t<\/div>\n<\/div><\/div><\/div><\/div><div class=\"vc_row wpb_row vc_row-fluid\"><div class=\"wpb_column vc_column_container vc_col-sm-12\"><div class=\"vc_column-inner\"><div class=\"wpb_wrapper\">\n\t<div class=\"wpb_video_widget wpb_content_element vc_clearfix   vc_video-aspect-ratio-169 vc_video-el-width-100 vc_video-align-center\" >\n\t\t<div class=\"wpb_wrapper\">\n\t\t\t\n\t\t\t<div class=\"wpb_video_wrapper\"><iframe loading=\"lazy\" title=\"D\u00fcnya \u00c7ikolata G\u00fcn\u00fcn\u00fcz kutlu olsun \ud83c\udf6b \ud83d\ude0b\" width=\"940\" height=\"529\" src=\"https:\/\/www.youtube.com\/embed\/-7zJsEbFW6E?feature=oembed\" frameborder=\"0\" allow=\"accelerometer; autoplay; clipboard-write; encrypted-media; gyroscope; picture-in-picture; web-share\" allowfullscreen><\/iframe><\/div>\n\t\t<\/div>\n\t<\/div>\n<\/div><\/div><\/div><\/div><div class=\"vc_row wpb_row vc_row-fluid\"><div class=\"wpb_column vc_column_container vc_col-sm-12\"><div class=\"vc_column-inner\"><div class=\"wpb_wrapper\">\n\t<div class=\"wpb_video_widget wpb_content_element vc_clearfix   vc_video-aspect-ratio-169 vc_video-el-width-100 vc_video-align-center\" >\n\t\t<div class=\"wpb_wrapper\">\n\t\t\t\n\t\t\t<div class=\"wpb_video_wrapper\"><iframe loading=\"lazy\" title=\"ODT\u00dc Video Podcast Serisi\" width=\"940\" height=\"529\" src=\"https:\/\/www.youtube.com\/embed\/videoseries?list=PLzY406ngVNCeCQCalGP9efJ7qXG6pwF7e\" frameborder=\"0\" allow=\"accelerometer; autoplay; clipboard-write; encrypted-media; gyroscope; picture-in-picture; web-share\" allowfullscreen><\/iframe><\/div>\n\t\t<\/div>\n\t<\/div>\n<\/div><\/div><\/div><\/div><div class=\"vc_row wpb_row vc_row-fluid\"><div class=\"wpb_column vc_column_container vc_col-sm-12\"><div class=\"vc_column-inner\"><div class=\"wpb_wrapper\">\n\t<div class=\"wpb_video_widget wpb_content_element vc_clearfix   vc_video-aspect-ratio-169 vc_video-el-width-100 vc_video-align-center\" >\n\t\t<div class=\"wpb_wrapper\">\n\t\t\t\n\t\t\t<div class=\"wpb_video_wrapper\"><iframe loading=\"lazy\" title=\"&quot;Bilimin Her Hali&quot; Program\u0131 Yeni B\u00f6l\u00fcmleriyle Devam Ediyor!\" width=\"940\" height=\"529\" src=\"https:\/\/www.youtube.com\/embed\/6co4TuUoigg?feature=oembed\" frameborder=\"0\" allow=\"accelerometer; autoplay; clipboard-write; encrypted-media; gyroscope; picture-in-picture; web-share\" referrerpolicy=\"strict-origin-when-cross-origin\" allowfullscreen><\/iframe><\/div>\n\t\t<\/div>\n\t<\/div>\n<\/div><\/div><\/div><\/div><div class=\"vc_row wpb_row vc_row-fluid\"><div class=\"wpb_column vc_column_container vc_col-sm-12\"><div class=\"vc_column-inner\"><div class=\"wpb_wrapper\">\n\t<div class=\"wpb_video_widget wpb_content_element vc_clearfix   vc_video-aspect-ratio-169 vc_video-el-width-100 vc_video-align-center\" >\n\t\t<div class=\"wpb_wrapper\">\n\t\t\t\n\t\t\t<div class=\"wpb_video_wrapper\"><iframe loading=\"lazy\" title=\"ODT\u00dc B\u0130L\u0130M KAFE\" width=\"940\" height=\"529\" src=\"https:\/\/www.youtube.com\/embed\/GzqQ82v4fBQ?feature=oembed\" frameborder=\"0\" allow=\"accelerometer; autoplay; clipboard-write; encrypted-media; gyroscope; picture-in-picture; web-share\" referrerpolicy=\"strict-origin-when-cross-origin\" allowfullscreen><\/iframe><\/div>\n\t\t<\/div>\n\t<\/div>\n<\/div><\/div><\/div><\/div><div class=\"vc_row wpb_row vc_row-fluid\"><div class=\"wpb_column vc_column_container vc_col-sm-12\"><div class=\"vc_column-inner\"><div class=\"wpb_wrapper\">\n\t<div  class=\"wpb_single_image wpb_content_element vc_align_center\">\n\t\t\n\t\t<figure class=\"wpb_wrapper vc_figure\">\n\t\t\t<div class=\"vc_single_image-wrapper   vc_box_border_grey\"><img loading=\"lazy\" decoding=\"async\" width=\"1080\" height=\"1080\" src=\"https:\/\/gisam.metu.edu.tr\/wp-content\/uploads\/2026\/03\/1.bolum_.png\" class=\"vc_single_image-img attachment-full\" alt=\"\" title=\"1.bolum_YapayZeka\" srcset=\"https:\/\/gisam.metu.edu.tr\/wp-content\/uploads\/2026\/03\/1.bolum_.png 1080w, https:\/\/gisam.metu.edu.tr\/wp-content\/uploads\/2026\/03\/1.bolum_-1024x1024.png 1024w, https:\/\/gisam.metu.edu.tr\/wp-content\/uploads\/2026\/03\/1.bolum_-175x175.png 175w, https:\/\/gisam.metu.edu.tr\/wp-content\/uploads\/2026\/03\/1.bolum_-768x768.png 768w, https:\/\/gisam.metu.edu.tr\/wp-content\/uploads\/2026\/03\/1.bolum_-12x12.png 12w, https:\/\/gisam.metu.edu.tr\/wp-content\/uploads\/2026\/03\/1.bolum_-400x400.png 400w\" sizes=\"auto, (max-width: 1080px) 100vw, 1080px\" \/><\/div>\n\t\t<\/figure>\n\t<\/div>\n<div class=\"vc_btn3-container vc_btn3-inline vc_custom_1774597059056\" ><a class=\"vc_general vc_btn3 vc_btn3-size-md vc_btn3-shape-rounded vc_btn3-style-modern vc_btn3-color-black\" href=\"https:\/\/big.metu.edu.tr\/bilim-hayattir\/\" title=\"Bilim Hayatt\u0131r\" target=\"_blank\">\u015eimdi Dinle<\/a><\/div><\/div><\/div><\/div><\/div><div class=\"vc_row wpb_row vc_row-fluid\"><div class=\"wpb_column vc_column_container vc_col-sm-12\"><div class=\"vc_column-inner\"><div class=\"wpb_wrapper\"><\/div><\/div><\/div><\/div>\n<\/section>","protected":false},"excerpt":{"rendered":"<p>\t\t\tB\u0130L\u0130M \u0130LET\u0130\u015e\u0130M\u0130<\/p>\n<p>\u015eimdi Dinle<\/p>","protected":false},"author":1,"featured_media":0,"parent":0,"menu_order":0,"comment_status":"closed","ping_status":"closed","template":"","meta":{"footnotes":""},"class_list":["post-4331","page","type-page","status-publish","hentry"],"_links":{"self":[{"href":"https:\/\/gisam.metu.edu.tr\/tr\/wp-json\/wp\/v2\/pages\/4331","targetHints":{"allow":["GET"]}}],"collection":[{"href":"https:\/\/gisam.metu.edu.tr\/tr\/wp-json\/wp\/v2\/pages"}],"about":[{"href":"https:\/\/gisam.metu.edu.tr\/tr\/wp-json\/wp\/v2\/types\/page"}],"author":[{"embeddable":true,"href":"https:\/\/gisam.metu.edu.tr\/tr\/wp-json\/wp\/v2\/users\/1"}],"replies":[{"embeddable":true,"href":"https:\/\/gisam.metu.edu.tr\/tr\/wp-json\/wp\/v2\/comments?post=4331"}],"version-history":[{"count":9,"href":"https:\/\/gisam.metu.edu.tr\/tr\/wp-json\/wp\/v2\/pages\/4331\/revisions"}],"predecessor-version":[{"id":4724,"href":"https:\/\/gisam.metu.edu.tr\/tr\/wp-json\/wp\/v2\/pages\/4331\/revisions\/4724"}],"wp:attachment":[{"href":"https:\/\/gisam.metu.edu.tr\/tr\/wp-json\/wp\/v2\/media?parent=4331"}],"curies":[{"name":"wp","href":"https:\/\/api.w.org\/{rel}","templated":true}]}}