{"id":4343,"date":"2023-07-19T16:07:19","date_gmt":"2023-07-19T13:07:19","guid":{"rendered":"https:\/\/gisam.metu.edu.tr\/?page_id=4343"},"modified":"2023-07-19T16:10:16","modified_gmt":"2023-07-19T13:10:16","slug":"educational-videos","status":"publish","type":"page","link":"https:\/\/gisam.metu.edu.tr\/tr\/educational-videos\/","title":{"rendered":"E\u011e\u0130T\u0130M V\u0130DEOLARI"},"content":{"rendered":"<section class=\"wpb-content-wrapper\"><div class=\"vc_row wpb_row vc_row-fluid\"><div class=\"wpb_column vc_column_container vc_col-sm-12\"><div class=\"vc_column-inner\"><div class=\"wpb_wrapper\">\n\t<div class=\"wpb_text_column wpb_content_element\" >\n\t\t<div class=\"wpb_wrapper\">\n\t\t\t<h2 class=\"topic\" style=\"text-align: center;\">E\u011e\u0130T\u0130M V\u0130DEOLARI<\/h2>\n\n\t\t<\/div>\n\t<\/div>\n<\/div><\/div><\/div><\/div><div class=\"vc_row wpb_row vc_row-fluid\"><div class=\"wpb_column vc_column_container vc_col-sm-12\"><div class=\"vc_column-inner\"><div class=\"wpb_wrapper\">\n\t<div class=\"wpb_video_widget wpb_content_element vc_clearfix   vc_video-aspect-ratio-169 vc_video-el-width-100 vc_video-align-center\" >\n\t\t<div class=\"wpb_wrapper\">\n\t\t\t\n\t\t\t<div class=\"wpb_video_wrapper\"><iframe loading=\"lazy\" title=\"Lightboard ile Etkili Ders Videosu Yap\u0131m\u0131\" width=\"940\" height=\"529\" src=\"https:\/\/www.youtube.com\/embed\/fLNsMIp2rAA?feature=oembed\" frameborder=\"0\" allow=\"accelerometer; autoplay; clipboard-write; encrypted-media; gyroscope; picture-in-picture; web-share\" allowfullscreen><\/iframe><\/div>\n\t\t<\/div>\n\t<\/div>\n<\/div><\/div><\/div><\/div><div class=\"vc_row wpb_row vc_row-fluid\"><div class=\"wpb_column vc_column_container vc_col-sm-12\"><div class=\"vc_column-inner\"><div class=\"wpb_wrapper\">\n\t<div class=\"wpb_text_column wpb_content_element\" >\n\t\t<div class=\"wpb_wrapper\">\n\t\t\t<hr \/>\n<h4 style=\"text-align: center;\"><strong>ODT\u00dc A\u00e7\u0131k Ders Materyalleri YouTube Sayfas\u0131<\/strong><\/h4>\n<h6 style=\"text-align: center;\"><a href=\"https:\/\/www.youtube.com\/@METUOpenCourseWare\"><span style=\"color: #000000;\"><strong>https:\/\/www.youtube.com\/@METUOpenCourseWare<\/strong><\/span><\/a><\/h6>\n\n\t\t<\/div>\n\t<\/div>\n<\/div><\/div><\/div><\/div>\n<\/section>","protected":false},"excerpt":{"rendered":"<p>\t\t\tE\u011e\u0130T\u0130M V\u0130DEOLARI<\/p>\n<p>ODT\u00dc A\u00e7\u0131k Ders Materyalleri YouTube Sayfas\u0131<br \/>\nhttps:\/\/www.youtube.com\/@METUOpenCourseWare<\/p>","protected":false},"author":1,"featured_media":0,"parent":0,"menu_order":0,"comment_status":"closed","ping_status":"closed","template":"","meta":{"footnotes":""},"class_list":["post-4343","page","type-page","status-publish","hentry"],"_links":{"self":[{"href":"https:\/\/gisam.metu.edu.tr\/tr\/wp-json\/wp\/v2\/pages\/4343","targetHints":{"allow":["GET"]}}],"collection":[{"href":"https:\/\/gisam.metu.edu.tr\/tr\/wp-json\/wp\/v2\/pages"}],"about":[{"href":"https:\/\/gisam.metu.edu.tr\/tr\/wp-json\/wp\/v2\/types\/page"}],"author":[{"embeddable":true,"href":"https:\/\/gisam.metu.edu.tr\/tr\/wp-json\/wp\/v2\/users\/1"}],"replies":[{"embeddable":true,"href":"https:\/\/gisam.metu.edu.tr\/tr\/wp-json\/wp\/v2\/comments?post=4343"}],"version-history":[{"count":4,"href":"https:\/\/gisam.metu.edu.tr\/tr\/wp-json\/wp\/v2\/pages\/4343\/revisions"}],"predecessor-version":[{"id":4349,"href":"https:\/\/gisam.metu.edu.tr\/tr\/wp-json\/wp\/v2\/pages\/4343\/revisions\/4349"}],"wp:attachment":[{"href":"https:\/\/gisam.metu.edu.tr\/tr\/wp-json\/wp\/v2\/media?parent=4343"}],"curies":[{"name":"wp","href":"https:\/\/api.w.org\/{rel}","templated":true}]}}