{"id":4360,"date":"2023-07-20T13:18:47","date_gmt":"2023-07-20T10:18:47","guid":{"rendered":"https:\/\/gisam.metu.edu.tr\/?page_id=4360"},"modified":"2026-04-09T11:53:51","modified_gmt":"2026-04-09T08:53:51","slug":"live-broadcasts","status":"publish","type":"page","link":"https:\/\/gisam.metu.edu.tr\/tr\/live-broadcasts\/","title":{"rendered":"CANLI YAYINLAR"},"content":{"rendered":"<section class=\"wpb-content-wrapper\"><div class=\"vc_row wpb_row vc_row-fluid\"><div class=\"wpb_column vc_column_container vc_col-sm-12\"><div class=\"vc_column-inner\"><div class=\"wpb_wrapper\">\n\t<div class=\"wpb_text_column wpb_content_element\" >\n\t\t<div class=\"wpb_wrapper\">\n\t\t\t<h2 class=\"topic\" style=\"text-align: center;\">CANLI YAYINLAR<\/h2>\n\n\t\t<\/div>\n\t<\/div>\n<\/div><\/div><\/div><\/div><div class=\"vc_row wpb_row vc_row-fluid\"><div class=\"wpb_column vc_column_container vc_col-sm-12\"><div class=\"vc_column-inner\"><div class=\"wpb_wrapper\">\n\t<div class=\"wpb_video_widget wpb_content_element vc_clearfix   vc_video-aspect-ratio-169 vc_video-el-width-100 vc_video-align-center\" >\n\t\t<div class=\"wpb_wrapper\">\n\t\t\t\n\t\t\t<div class=\"wpb_video_wrapper\"><iframe loading=\"lazy\" title=\"Bilimin I\u015f\u0131\u011f\u0131nda 23 Nisan!\" width=\"940\" height=\"529\" src=\"https:\/\/www.youtube.com\/embed\/lC9_Cspq038?feature=oembed\" frameborder=\"0\" allow=\"accelerometer; autoplay; clipboard-write; encrypted-media; gyroscope; picture-in-picture; web-share\" referrerpolicy=\"strict-origin-when-cross-origin\" allowfullscreen><\/iframe><\/div>\n\t\t<\/div>\n\t<\/div>\n\n\t<div class=\"wpb_video_widget wpb_content_element vc_clearfix   vc_video-aspect-ratio-169 vc_video-el-width-100 vc_video-align-center\" >\n\t\t<div class=\"wpb_wrapper\">\n\t\t\t\n\t\t\t<div class=\"wpb_video_wrapper\"><iframe loading=\"lazy\" title=\"&quot;Bilimin Her Hali&quot; 1. B\u00f6l\u00fcm: Malzemelerin Sihirli D\u00fcnyas\u0131 - Prof. Dr. Y. Eren Kalay\" width=\"940\" height=\"529\" src=\"https:\/\/www.youtube.com\/embed\/qfcNL0i7VjU?feature=oembed\" frameborder=\"0\" allow=\"accelerometer; autoplay; clipboard-write; encrypted-media; gyroscope; picture-in-picture; web-share\" allowfullscreen><\/iframe><\/div>\n\t\t<\/div>\n\t<\/div>\n<\/div><\/div><\/div><\/div><div class=\"vc_row wpb_row vc_row-fluid\"><div class=\"wpb_column vc_column_container vc_col-sm-12\"><div class=\"vc_column-inner\"><div class=\"wpb_wrapper\">\n\t<div class=\"wpb_video_widget wpb_content_element vc_clearfix   vc_video-aspect-ratio-169 vc_video-el-width-100 vc_video-align-center\" >\n\t\t<div class=\"wpb_wrapper\">\n\t\t\t\n\t\t\t<div class=\"wpb_video_wrapper\"><iframe loading=\"lazy\" title=\"&quot;Bilimin Her Hali&quot; 3. B\u00f6l\u00fcm: G\u00f6beklitepe&#039;den \u00c7atalh\u00f6y\u00fck&#039;e - Do\u00e7. Dr. \u00c7i\u011fdem Atakuman\" width=\"940\" height=\"529\" src=\"https:\/\/www.youtube.com\/embed\/u92sIeBA8DQ?feature=oembed\" frameborder=\"0\" allow=\"accelerometer; autoplay; clipboard-write; encrypted-media; gyroscope; picture-in-picture; web-share\" allowfullscreen><\/iframe><\/div>\n\t\t<\/div>\n\t<\/div>\n\n\t<div class=\"wpb_video_widget wpb_content_element vc_clearfix   vc_video-aspect-ratio-169 vc_video-el-width-100 vc_video-align-center\" >\n\t\t<div class=\"wpb_wrapper\">\n\t\t\t\n\t\t\t<div class=\"wpb_video_wrapper\"><iframe loading=\"lazy\" title=\"Do\u011fum g\u00fcn\u00fcn kutlu olsun Feynman! \ud83e\uddc1 Bilim \u0130nsanlar\u0131 Podcast Serisi B\u00f6l\u00fcm 1\ud83c\udf99\ufe0f\" width=\"940\" height=\"529\" src=\"https:\/\/www.youtube.com\/embed\/hbhgLy7NmIs?feature=oembed\" frameborder=\"0\" allow=\"accelerometer; autoplay; clipboard-write; encrypted-media; gyroscope; picture-in-picture; web-share\" referrerpolicy=\"strict-origin-when-cross-origin\" allowfullscreen><\/iframe><\/div>\n\t\t<\/div>\n\t<\/div>\n\n\t<div class=\"wpb_video_widget wpb_content_element vc_clearfix   vc_video-aspect-ratio-169 vc_video-el-width-100 vc_video-align-center\" >\n\t\t<div class=\"wpb_wrapper\">\n\t\t\t\n\t\t\t<div class=\"wpb_video_wrapper\"><iframe loading=\"lazy\" title=\"D\u00fcnyaca \u00fcnl\u00fc matematik\u00e7imiz Cahit Arf&#039;\u0131 111. do\u011fum g\u00fcn\u00fcnde an\u0131yoruz!\" width=\"940\" height=\"529\" src=\"https:\/\/www.youtube.com\/embed\/3HKK_CgACCI?feature=oembed\" frameborder=\"0\" allow=\"accelerometer; autoplay; clipboard-write; encrypted-media; gyroscope; picture-in-picture; web-share\" referrerpolicy=\"strict-origin-when-cross-origin\" allowfullscreen><\/iframe><\/div>\n\t\t<\/div>\n\t<\/div>\n\n\t<div class=\"wpb_video_widget wpb_content_element vc_clearfix   vc_video-aspect-ratio-169 vc_video-el-width-100 vc_video-align-center\" >\n\t\t<div class=\"wpb_wrapper\">\n\t\t\t\n\t\t\t<div class=\"wpb_video_wrapper\"><iframe loading=\"lazy\" title=\"ODT\u00dc Rekt\u00f6rl\u00fck Ders Serisi kapsam\u0131nda, 2003 Nobel Kimya \u00d6d\u00fcll\u00fc Prof. Dr. Peter Agre&#039;nin konu\u015fmas\u0131\" width=\"940\" height=\"529\" src=\"https:\/\/www.youtube.com\/embed\/Kc-HEkNv0-4?feature=oembed\" frameborder=\"0\" allow=\"accelerometer; autoplay; clipboard-write; encrypted-media; gyroscope; picture-in-picture; web-share\" referrerpolicy=\"strict-origin-when-cross-origin\" allowfullscreen><\/iframe><\/div>\n\t\t<\/div>\n\t<\/div>\n<\/div><\/div><\/div><\/div>\n<\/section>","protected":false},"excerpt":{"rendered":"<p>\t\t\tCANLI YAYINLAR<\/p>","protected":false},"author":1,"featured_media":0,"parent":0,"menu_order":0,"comment_status":"closed","ping_status":"closed","template":"","meta":{"footnotes":""},"class_list":["post-4360","page","type-page","status-publish","hentry"],"_links":{"self":[{"href":"https:\/\/gisam.metu.edu.tr\/tr\/wp-json\/wp\/v2\/pages\/4360","targetHints":{"allow":["GET"]}}],"collection":[{"href":"https:\/\/gisam.metu.edu.tr\/tr\/wp-json\/wp\/v2\/pages"}],"about":[{"href":"https:\/\/gisam.metu.edu.tr\/tr\/wp-json\/wp\/v2\/types\/page"}],"author":[{"embeddable":true,"href":"https:\/\/gisam.metu.edu.tr\/tr\/wp-json\/wp\/v2\/users\/1"}],"replies":[{"embeddable":true,"href":"https:\/\/gisam.metu.edu.tr\/tr\/wp-json\/wp\/v2\/comments?post=4360"}],"version-history":[{"count":5,"href":"https:\/\/gisam.metu.edu.tr\/tr\/wp-json\/wp\/v2\/pages\/4360\/revisions"}],"predecessor-version":[{"id":4721,"href":"https:\/\/gisam.metu.edu.tr\/tr\/wp-json\/wp\/v2\/pages\/4360\/revisions\/4721"}],"wp:attachment":[{"href":"https:\/\/gisam.metu.edu.tr\/tr\/wp-json\/wp\/v2\/media?parent=4360"}],"curies":[{"name":"wp","href":"https:\/\/api.w.org\/{rel}","templated":true}]}}