{"id":4367,"date":"2023-07-20T13:20:13","date_gmt":"2023-07-20T10:20:13","guid":{"rendered":"https:\/\/gisam.metu.edu.tr\/?page_id=4367"},"modified":"2026-03-10T21:54:03","modified_gmt":"2026-03-10T18:54:03","slug":"social-media-videos","status":"publish","type":"page","link":"https:\/\/gisam.metu.edu.tr\/tr\/social-media-videos\/","title":{"rendered":"SOSYAL MEDYA V\u0130DEOLARI"},"content":{"rendered":"<section class=\"wpb-content-wrapper\"><div class=\"vc_row wpb_row vc_row-fluid\"><div class=\"wpb_column vc_column_container vc_col-sm-12\"><div class=\"vc_column-inner\"><div class=\"wpb_wrapper\">\n\t<div class=\"wpb_text_column wpb_content_element\" >\n\t\t<div class=\"wpb_wrapper\">\n\t\t\t<h2 class=\"topic\" style=\"text-align: center;\">SOSYAL MEDYA V\u0130DEOLARI<\/h2>\n\n\t\t<\/div>\n\t<\/div>\n<\/div><\/div><\/div><\/div><div class=\"vc_row wpb_row vc_row-fluid\"><div class=\"wpb_column vc_column_container vc_col-sm-12\"><div class=\"vc_column-inner\"><div class=\"wpb_wrapper\">\n\t<div class=\"wpb_video_widget wpb_content_element vc_clearfix   vc_video-aspect-ratio-169 vc_video-el-width-100 vc_video-align-center\" >\n\t\t<div class=\"wpb_wrapper\">\n\t\t\t\n\t\t\t<div class=\"wpb_video_wrapper\"><iframe loading=\"lazy\" title=\"We begin again. Welcome home hocam \ud83c\udfe1\u2764\ufe0f\" width=\"940\" height=\"529\" src=\"https:\/\/www.youtube.com\/embed\/l0OK1o1MJ5s?feature=oembed\" frameborder=\"0\" allow=\"accelerometer; autoplay; clipboard-write; encrypted-media; gyroscope; picture-in-picture; web-share\" allowfullscreen><\/iframe><\/div>\n\t\t<\/div>\n\t<\/div>\n<\/div><\/div><\/div><\/div><div class=\"vc_row wpb_row vc_row-fluid\"><div class=\"wpb_column vc_column_container vc_col-sm-12\"><div class=\"vc_column-inner\"><div class=\"wpb_wrapper\">\n\t<div class=\"wpb_video_widget wpb_content_element vc_clearfix   vc_video-aspect-ratio-169 vc_video-el-width-100 vc_video-align-center\" >\n\t\t<div class=\"wpb_wrapper\">\n\t\t\t\n\t\t\t<div class=\"wpb_video_wrapper\"><iframe loading=\"lazy\" title=\"Something magical is about to happen at #ODT\u00dcDEN \u2728\" width=\"940\" height=\"529\" src=\"https:\/\/www.youtube.com\/embed\/OzRhCP8DtV8?feature=oembed\" frameborder=\"0\" allow=\"accelerometer; autoplay; clipboard-write; encrypted-media; gyroscope; picture-in-picture; web-share\" allowfullscreen><\/iframe><\/div>\n\t\t<\/div>\n\t<\/div>\n<\/div><\/div><\/div><\/div><div class=\"vc_row wpb_row vc_row-fluid\"><div class=\"wpb_column vc_column_container vc_col-sm-12\"><div class=\"vc_column-inner\"><div class=\"wpb_wrapper\">\n\t<div class=\"wpb_video_widget wpb_content_element vc_clearfix   vc_video-aspect-ratio-169 vc_video-el-width-100 vc_video-align-center\" >\n\t\t<div class=\"wpb_wrapper\">\n\t\t\t\n\t\t\t<div class=\"wpb_video_wrapper\"><iframe loading=\"lazy\" title=\"ODT\u00dc K\u00fct\u00fcphanesi&#039;nde Benimle Birlikte Ders \u00c7al\u0131\u015f! (Study with me) \ud83d\udcda\" width=\"940\" height=\"529\" src=\"https:\/\/www.youtube.com\/embed\/U42H1EY-5so?feature=oembed\" frameborder=\"0\" allow=\"accelerometer; autoplay; clipboard-write; encrypted-media; gyroscope; picture-in-picture; web-share\" allowfullscreen><\/iframe><\/div>\n\t\t<\/div>\n\t<\/div>\n<\/div><\/div><\/div><\/div><div class=\"vc_row wpb_row vc_row-fluid\"><div class=\"wpb_column vc_column_container vc_col-sm-12\"><div class=\"vc_column-inner\"><div class=\"wpb_wrapper\">\n\t<div class=\"wpb_video_widget wpb_content_element vc_clearfix   vc_video-aspect-ratio-169 vc_video-el-width-100 vc_video-align-center\" >\n\t\t<div class=\"wpb_wrapper\">\n\t\t\t\n\t\t\t<div class=\"wpb_video_wrapper\"><iframe loading=\"lazy\" title=\"ODT\u00dc&#039;l\u00fc Y\u0131llar\u0131m - Mehmet Ali Nuro\u011flu\" width=\"940\" height=\"529\" src=\"https:\/\/www.youtube.com\/embed\/waUvnTcO3RY?feature=oembed\" frameborder=\"0\" allow=\"accelerometer; autoplay; clipboard-write; encrypted-media; gyroscope; picture-in-picture; web-share\" allowfullscreen><\/iframe><\/div>\n\t\t<\/div>\n\t<\/div>\n\n\t<div class=\"wpb_video_widget wpb_content_element vc_clearfix   vc_video-aspect-ratio-169 vc_video-el-width-100 vc_video-align-center\" >\n\t\t<div class=\"wpb_wrapper\">\n\t\t\t\n\t\t\t<div class=\"wpb_video_wrapper\"><iframe loading=\"lazy\" title=\"2021&#039;de kamp\u00fcste g\u00f6r\u00fc\u015fmek dile\u011fiyle. Mutlu Y\u0131llar!\" width=\"940\" height=\"529\" src=\"https:\/\/www.youtube.com\/embed\/lvSdbgv1cyU?feature=oembed\" frameborder=\"0\" allow=\"accelerometer; autoplay; clipboard-write; encrypted-media; gyroscope; picture-in-picture; web-share\" referrerpolicy=\"strict-origin-when-cross-origin\" allowfullscreen><\/iframe><\/div>\n\t\t<\/div>\n\t<\/div>\n<\/div><\/div><\/div><\/div>\n<\/section>","protected":false},"excerpt":{"rendered":"<p>\t\t\tSOSYAL MEDYA V\u0130DEOLARI<\/p>","protected":false},"author":1,"featured_media":0,"parent":0,"menu_order":0,"comment_status":"closed","ping_status":"closed","template":"","meta":{"footnotes":""},"class_list":["post-4367","page","type-page","status-publish","hentry"],"_links":{"self":[{"href":"https:\/\/gisam.metu.edu.tr\/tr\/wp-json\/wp\/v2\/pages\/4367","targetHints":{"allow":["GET"]}}],"collection":[{"href":"https:\/\/gisam.metu.edu.tr\/tr\/wp-json\/wp\/v2\/pages"}],"about":[{"href":"https:\/\/gisam.metu.edu.tr\/tr\/wp-json\/wp\/v2\/types\/page"}],"author":[{"embeddable":true,"href":"https:\/\/gisam.metu.edu.tr\/tr\/wp-json\/wp\/v2\/users\/1"}],"replies":[{"embeddable":true,"href":"https:\/\/gisam.metu.edu.tr\/tr\/wp-json\/wp\/v2\/comments?post=4367"}],"version-history":[{"count":5,"href":"https:\/\/gisam.metu.edu.tr\/tr\/wp-json\/wp\/v2\/pages\/4367\/revisions"}],"predecessor-version":[{"id":4604,"href":"https:\/\/gisam.metu.edu.tr\/tr\/wp-json\/wp\/v2\/pages\/4367\/revisions\/4604"}],"wp:attachment":[{"href":"https:\/\/gisam.metu.edu.tr\/tr\/wp-json\/wp\/v2\/media?parent=4367"}],"curies":[{"name":"wp","href":"https:\/\/api.w.org\/{rel}","templated":true}]}}